{"id":576,"date":"2024-11-25T11:21:32","date_gmt":"2024-11-25T11:21:32","guid":{"rendered":"http:\/\/claragrup.cat\/politica-de-cookies\/"},"modified":"2024-11-29T04:53:23","modified_gmt":"2024-11-29T04:53:23","slug":"politica-de-cookies","status":"publish","type":"page","link":"https:\/\/claragrup.cat\/es\/politica-de-cookies\/","title":{"rendered":"Pol\u00edtica de cookies"},"content":{"rendered":"\t\t<div data-elementor-type=\"wp-page\" data-elementor-id=\"576\" class=\"elementor elementor-576 elementor-432\" data-elementor-post-type=\"page\">\n\t\t\t\t<div class=\"elementor-element elementor-element-832b821 elementor-hidden-tablet elementor-hidden-mobile e-flex e-con-boxed e-con e-parent\" data-id=\"832b821\" data-element_type=\"container\" data-e-type=\"container\" data-settings=\"{&quot;background_background&quot;:&quot;classic&quot;}\">\n\t\t\t\t\t<div class=\"e-con-inner\">\n\t\t\t\t\t<\/div>\n\t\t\t\t<\/div>\n\t\t<div class=\"elementor-element elementor-element-287923f e-flex e-con-boxed e-con e-parent\" data-id=\"287923f\" data-element_type=\"container\" data-e-type=\"container\">\n\t\t\t\t\t<div class=\"e-con-inner\">\n\t\t\t\t<div class=\"elementor-element elementor-element-aabdc09 elementor-widget elementor-widget-heading\" data-id=\"aabdc09\" data-element_type=\"widget\" data-e-type=\"widget\" data-widget_type=\"heading.default\">\n\t\t\t\t<div class=\"elementor-widget-container\">\n\t\t\t\t\t<h2 class=\"elementor-heading-title elementor-size-default\">Pol\u00edtica de cookies<\/h2>\t\t\t\t<\/div>\n\t\t\t\t<\/div>\n\t\t\t\t<div class=\"elementor-element elementor-element-5eb74e0 elementor-widget elementor-widget-text-editor\" data-id=\"5eb74e0\" data-element_type=\"widget\" data-e-type=\"widget\" data-widget_type=\"text-editor.default\">\n\t\t\t\t<div class=\"elementor-widget-container\">\n\t\t\t\t\t\t\t\t\t<p>\u00daltima actualizaci\u00f3n: 25\/11\/2024<\/p>\n<p><strong>1. \u00bfQU\u00c9 SON LAS COOKIES?<\/strong><\/p>\n<p>Este sitio web, <a href=\"http:\/\/claragrup.cat\">http:\/\/claragrup.cat<\/a> (en adelante, el \u00abSitio Web\u00bb), utiliza cookies y otras tecnolog\u00edas similares para garantizar el correcto funcionamiento del sitio, mejorar tu experiencia de navegaci\u00f3n y recoger informaci\u00f3n estad\u00edstica sobre el uso del sitio.<\/p>\n<p>Las cookies son peque\u00f1os archivos de texto que se guardan en tu dispositivo al visitar un sitio web. \u00c9stas permiten al sitio recordar informaci\u00f3n sobre tu visita, como las preferencias de idioma o configuraciones, y facilitar tu pr\u00f3xima visita.<\/p>\n<p><strong>2. TIPO DE COOKIES UTILIZADAS<\/strong><\/p>\n<p>En el Sitio Web utilizamos las siguientes categor\u00edas de cookies:<\/p>\n<ul>\n<li><strong>Cookies t\u00e9cnicas:<\/strong> Necesarias para el funcionamiento b\u00e1sico del sitio. Sin \u00e9stas, el sitio no puede funcionar correctamente.<\/li>\n<li><strong>Cookies anal\u00edticas:<\/strong> Permiten recoger informaci\u00f3n sobre c\u00f3mo los usuarios interact\u00faan con el Sitio Web para analizar el rendimiento y mejorarlo.<\/li>\n<\/ul>\n<div> <\/div>\n<p><strong>3. \u00bfQU\u00c9 COOKIES UTILIZAMOS?<\/strong><\/p>\n<p>A continuaci\u00f3n se detalla una lista de las cookies utilizadas en el Sitio Web:<\/p>\n<table>\n<thead>\n<tr>\n<th><strong>Nombre de la cookie<\/strong><\/th>\n<th><strong>Finalidad<\/strong><\/th>\n<th><strong>Propiedad<\/strong><\/th>\n<th><strong>Expiraci\u00f3n<\/strong><\/th>\n<\/tr>\n<\/thead>\n<tbody>\n<tr>\n<td>_ga<\/td>\n<td>Anal\u00edtica de Google Analytics<\/td>\n<td>Terceros<\/td>\n<td>2 a\u00f1os<\/td>\n<\/tr>\n<tr>\n<td>_gid<\/td>\n<td>Distinci\u00f3n entre usuarios en Analytics<\/td>\n<td>Terceros<\/td>\n<td>24 horas<\/td>\n<\/tr>\n<tr>\n<td>_gat<\/td>\n<td>Limitaci\u00f3n de solicitudes a Analytics<\/td>\n<td>Terceros<\/td>\n<td>1 minuto<\/td>\n<\/tr>\n<\/tbody>\n<\/table>\n<p><strong>4. GESTI\u00d3N Y DESACTIVACI\u00d3N DE LAS COOKIES<\/strong><\/p>\n<p>Puedes configurar tu navegador para aceptar, rechazar o eliminar las cookies:<\/p>\n<ul>\n<li><strong>Google Chrome:<\/strong> <a target=\"_new\" rel=\"noopener\">Configurar cookies en Chrome<\/a><\/li>\n<li><strong>Mozilla Firefox:<\/strong> <a href=\"https:\/\/support.mozilla.org\/ca\/kb\/habilitar-i-inhabilitar-les-cookies\" target=\"_new\" rel=\"noopener\">Configurar cookies en Firefox<\/a><\/li>\n<li><strong>Safari:<\/strong> <a href=\"https:\/\/support.apple.com\/ca-es\/guide\/safari\/sfri11471\/mac\" target=\"_new\" rel=\"noopener\">Configurar cookies en Safari<\/a><\/li>\n<li><strong>Microsoft Edge:<\/strong> <a href=\"https:\/\/support.microsoft.com\/ca-es\/microsoft-edge\/suprimir-i-administrar-les-cookies-168dab11-0753-043d-7c16-ede5947fc64d\" target=\"_new\" rel=\"noopener\">Configurar cookies en Edge<\/a><\/li>\n<\/ul>\n<div> <\/div>\n<p><strong>5. ACEPTACI\u00d3N Y MODIFICACI\u00d3N DE LA POL\u00cdTICA DE COOKIES<\/strong><\/p>\n<p>Al navegar por el Sitio Web, aceptas el uso de cookies en las condiciones expuestas en esta Pol\u00edtica. Esta Pol\u00edtica puede actualizarse peri\u00f3dicamente para reflejar cambios legislativos o t\u00e9cnicos.<\/p>\n<p><strong>6. CONTACTO<\/strong><\/p>\n<p>Si tienes dudas o quieres m\u00e1s informaci\u00f3n sobre el uso de las cookies en el Sitio Web, puedes contactarnos a trav\u00e9s de:<\/p>\n<ul>\n<li><strong>Correo electr\u00f3nico:<\/strong> <a rel=\"noopener\">claragrup@gmail.com<\/a><\/li>\n<li><strong>Tel\u00e9fono:<\/strong> 615 68 19 35<\/li>\n<\/ul>\n\t\t\t\t\t\t\t\t<\/div>\n\t\t\t\t<\/div>\n\t\t\t\t\t<\/div>\n\t\t\t\t<\/div>\n\t\t\t\t<\/div>\n\t\t","protected":false},"excerpt":{"rendered":"<p>Pol\u00edtica de cookies \u00daltima actualizaci\u00f3n: 25\/11\/2024 1. \u00bfQU\u00c9 SON LAS COOKIES? Este sitio web, http:\/\/claragrup.cat (en adelante, el \u00abSitio Web\u00bb), utiliza cookies y otras tecnolog\u00edas similares para garantizar el correcto funcionamiento del sitio, mejorar tu experiencia de navegaci\u00f3n y recoger informaci\u00f3n estad\u00edstica sobre el uso del sitio. Las cookies son peque\u00f1os archivos de texto que [&hellip;]<\/p>\n","protected":false},"author":3,"featured_media":0,"parent":0,"menu_order":0,"comment_status":"closed","ping_status":"closed","template":"elementor_header_footer","meta":{"_acf_changed":false,"footnotes":""},"class_list":["post-576","page","type-page","status-publish","hentry"],"acf":[],"_links":{"self":[{"href":"https:\/\/claragrup.cat\/es\/wp-json\/wp\/v2\/pages\/576","targetHints":{"allow":["GET"]}}],"collection":[{"href":"https:\/\/claragrup.cat\/es\/wp-json\/wp\/v2\/pages"}],"about":[{"href":"https:\/\/claragrup.cat\/es\/wp-json\/wp\/v2\/types\/page"}],"author":[{"embeddable":true,"href":"https:\/\/claragrup.cat\/es\/wp-json\/wp\/v2\/users\/3"}],"replies":[{"embeddable":true,"href":"https:\/\/claragrup.cat\/es\/wp-json\/wp\/v2\/comments?post=576"}],"version-history":[{"count":1,"href":"https:\/\/claragrup.cat\/es\/wp-json\/wp\/v2\/pages\/576\/revisions"}],"predecessor-version":[{"id":577,"href":"https:\/\/claragrup.cat\/es\/wp-json\/wp\/v2\/pages\/576\/revisions\/577"}],"wp:attachment":[{"href":"https:\/\/claragrup.cat\/es\/wp-json\/wp\/v2\/media?parent=576"}],"curies":[{"name":"wp","href":"https:\/\/api.w.org\/{rel}","templated":true}]}}