{"id":578,"date":"2024-11-25T11:19:07","date_gmt":"2024-11-25T11:19:07","guid":{"rendered":"http:\/\/claragrup.cat\/aviso-legal\/"},"modified":"2024-11-29T04:52:39","modified_gmt":"2024-11-29T04:52:39","slug":"aviso-legal","status":"publish","type":"page","link":"https:\/\/claragrup.cat\/es\/aviso-legal\/","title":{"rendered":"Aviso legal"},"content":{"rendered":"\t\t<div data-elementor-type=\"wp-page\" data-elementor-id=\"578\" class=\"elementor elementor-578 elementor-433\" data-elementor-post-type=\"page\">\n\t\t\t\t<div class=\"elementor-element elementor-element-1374910 e-flex e-con-boxed e-con e-parent\" data-id=\"1374910\" data-element_type=\"container\" data-e-type=\"container\" data-settings=\"{&quot;background_background&quot;:&quot;classic&quot;}\">\n\t\t\t\t\t<div class=\"e-con-inner\">\n\t\t\t\t\t<\/div>\n\t\t\t\t<\/div>\n\t\t<div class=\"elementor-element elementor-element-f5f52b2 e-flex e-con-boxed e-con e-parent\" data-id=\"f5f52b2\" data-element_type=\"container\" data-e-type=\"container\">\n\t\t\t\t\t<div class=\"e-con-inner\">\n\t\t\t\t<div class=\"elementor-element elementor-element-ceef29e elementor-widget elementor-widget-heading\" data-id=\"ceef29e\" data-element_type=\"widget\" data-e-type=\"widget\" data-widget_type=\"heading.default\">\n\t\t\t\t<div class=\"elementor-widget-container\">\n\t\t\t\t\t<h2 class=\"elementor-heading-title elementor-size-default\">Aviso legal<\/h2>\t\t\t\t<\/div>\n\t\t\t\t<\/div>\n\t\t\t\t<div class=\"elementor-element elementor-element-0c2e946 elementor-widget elementor-widget-text-editor\" data-id=\"0c2e946\" data-element_type=\"widget\" data-e-type=\"widget\" data-widget_type=\"text-editor.default\">\n\t\t\t\t<div class=\"elementor-widget-container\">\n\t\t\t\t\t\t\t\t\t<p>\u00daltima actualizaci\u00f3n: 25\/11\/2024<\/p>\n<p><strong>1. IDENTIFICACI\u00d3N DEL TITULAR<\/strong><\/p>\n<p>En cumplimiento de lo que establece la Ley 34\/2002, de 11 de julio, de servicios de la sociedad de la informaci\u00f3n y de comercio electr\u00f3nico (LSSICE), se informa que el presente sitio web <a href=\"http:\/\/claragrup.cat\" target=\"_new\" rel=\"noopener\">http:\/\/claragrup.cat<\/a> es propiedad de:<\/p>\n<ul>\n<li><strong>Titular:<\/strong> Irene Clara Xirgu<\/li>\n<li><strong>CIF:<\/strong> 77910449L<\/li>\n<li><strong>Direcci\u00f3n postal:<\/strong> Plaza Prudenci Bertrana 6, 2-2, 17001-Girona, Girona<\/li>\n<li><strong>Correo electr\u00f3nico:<\/strong> <a rel=\"noopener\">claragrup@gmail.com<\/a><\/li>\n<li><strong>Tel\u00e9fono:<\/strong> 615 68 19 35<\/li>\n<\/ul>\n<p><strong>2. OBJETO<\/strong><\/p>\n<p>Este Aviso Legal regula las condiciones generales de acceso y uso del sitio web (en adelante, el \u00abSitio Web\u00bb), que el titular pone a disposici\u00f3n de los usuarios de Internet con el objetivo de informar sobre los servicios, actividades y contenidos relacionados con su actividad profesional.<\/p>\n<p>El acceso y uso del Sitio Web implica la aceptaci\u00f3n plena y sin reservas de todas las disposiciones incluidas en este Aviso Legal. Si no aceptas estas condiciones, te instamos a no utilizar el Sitio Web.<\/p>\n<p><strong>3. CONDICIONES DE USO<\/strong><\/p>\n<p>El usuario se compromete a hacer un uso adecuado de los contenidos y servicios del Sitio Web ya no utilizarlos para actividades il\u00edcitas o contrarias a la buena fe y al orden p\u00fablico.<\/p>\n<p>Quedan prohibidas las siguientes acciones:<\/p>\n<ul>\n<li>Utilizar el Sitio Web para fines fraudulentos o da\u00f1inos.<\/li>\n<li>Introducir virus o cualquier otro software malicioso que pueda perjudicar el funcionamiento del Sitio Web.<\/li>\n<li>Realizar acciones que puedan da\u00f1ar la imagen, intereses o derechos del titular o de terceros.<\/li>\n<\/ul>\n<div> <\/div>\n<p><strong>4. PROPIEDAD INTELECTUAL E INDUSTRIAL<\/strong><\/p>\n<p>Los contenidos del Sitio Web (textos, im\u00e1genes, gr\u00e1ficos, logotipos, dise\u00f1os, software, etc.) est\u00e1n protegidos por la normativa vigente en materia de propiedad intelectual e industrial.<\/p>\n<ul>\n<li><strong>Titularidad:<\/strong> Los derechos de propiedad intelectual sobre el contenido del Sitio Web pertenecen exclusivamente a Irene Clara Xirgu oa sus leg\u00edtimos titulares, y no se transfiere ning\u00fan derecho de uso o explotaci\u00f3n m\u00e1s all\u00e1 de lo que sea estrictamente necesario para el uso correcto del Sitio Web.<\/li>\n<li><strong>Uso prohibido:<\/strong> Est\u00e1 prohibido reproducir, distribuir, transformar o comunicar p\u00fablicamente el contenido del Sitio Web sin la previa y expresa autorizaci\u00f3n del titular.<\/li>\n<\/ul>\n<div> <\/div>\n<p><strong>5. RESPONSABILIDADES<\/strong><\/p>\n<ul>\n<li><strong>Disponibilidad del servicio:<\/strong> El titular no garantiza la disponibilidad permanente del Sitio Web ni la inexistencia de errores en los contenidos, pero se compromete a llevar a cabo las acciones necesarias para corregirlos o solucionarlos lo antes posible.<\/li>\n<li><strong>Uso por parte del usuario:<\/strong> El usuario es el \u00fanico responsable del uso que haga del Sitio Web y de cualquier informaci\u00f3n o contenido que proporcione.<\/li>\n<\/ul>\n<div> <\/div>\n<p><strong>6. LEGISLACI\u00d3N APLICABLE Y JURISDICCI\u00d3N<\/strong><\/p>\n<p>Este Aviso Legal se rige por la legislaci\u00f3n espa\u00f1ola. Para cualquier controversia, las partes se someten a los juzgados y tribunales de Gerona.<\/p>\n\t\t\t\t\t\t\t\t<\/div>\n\t\t\t\t<\/div>\n\t\t\t\t\t<\/div>\n\t\t\t\t<\/div>\n\t\t\t\t<\/div>\n\t\t","protected":false},"excerpt":{"rendered":"<p>Aviso legal \u00daltima actualizaci\u00f3n: 25\/11\/2024 1. IDENTIFICACI\u00d3N DEL TITULAR En cumplimiento de lo que establece la Ley 34\/2002, de 11 de julio, de servicios de la sociedad de la informaci\u00f3n y de comercio electr\u00f3nico (LSSICE), se informa que el presente sitio web http:\/\/claragrup.cat es propiedad de: Titular: Irene Clara Xirgu CIF: 77910449L Direcci\u00f3n postal: Plaza [&hellip;]<\/p>\n","protected":false},"author":3,"featured_media":0,"parent":0,"menu_order":0,"comment_status":"closed","ping_status":"closed","template":"","meta":{"_acf_changed":false,"footnotes":""},"class_list":["post-578","page","type-page","status-publish","hentry"],"acf":[],"_links":{"self":[{"href":"https:\/\/claragrup.cat\/es\/wp-json\/wp\/v2\/pages\/578","targetHints":{"allow":["GET"]}}],"collection":[{"href":"https:\/\/claragrup.cat\/es\/wp-json\/wp\/v2\/pages"}],"about":[{"href":"https:\/\/claragrup.cat\/es\/wp-json\/wp\/v2\/types\/page"}],"author":[{"embeddable":true,"href":"https:\/\/claragrup.cat\/es\/wp-json\/wp\/v2\/users\/3"}],"replies":[{"embeddable":true,"href":"https:\/\/claragrup.cat\/es\/wp-json\/wp\/v2\/comments?post=578"}],"version-history":[{"count":1,"href":"https:\/\/claragrup.cat\/es\/wp-json\/wp\/v2\/pages\/578\/revisions"}],"predecessor-version":[{"id":579,"href":"https:\/\/claragrup.cat\/es\/wp-json\/wp\/v2\/pages\/578\/revisions\/579"}],"wp:attachment":[{"href":"https:\/\/claragrup.cat\/es\/wp-json\/wp\/v2\/media?parent=578"}],"curies":[{"name":"wp","href":"https:\/\/api.w.org\/{rel}","templated":true}]}}